{"id":31,"date":"2019-11-12T20:42:25","date_gmt":"2019-11-12T20:42:25","guid":{"rendered":"http:\/\/dev.rosolina.holiday\/sk\/?page_id=31"},"modified":"2019-11-12T20:42:25","modified_gmt":"2019-11-12T20:42:25","slug":"program-aktivit","status":"publish","type":"page","link":"https:\/\/rosolina.holiday\/sk\/zabava-a-volny-cas\/program-aktivit\/","title":{"rendered":"Program aktiv\u00edt"},"content":{"rendered":"","protected":false},"excerpt":{"rendered":"","protected":false},"author":1,"featured_media":0,"parent":27,"menu_order":0,"comment_status":"closed","ping_status":"closed","template":"","meta":{"footnotes":""},"class_list":["post-31","page","type-page","status-publish","hentry"],"yoast_head":"<!-- This site is optimized with the Yoast SEO plugin v25.2 - https:\/\/yoast.com\/wordpress\/plugins\/seo\/ -->\n<title>Program aktiv\u00edt - Rosolina SK<\/title>\n<meta name=\"robots\" content=\"index, follow, max-snippet:-1, max-image-preview:large, max-video-preview:-1\" \/>\n<link rel=\"canonical\" href=\"https:\/\/rosolina.holiday\/sk\/zabava-a-volny-cas\/program-aktivit\/\" \/>\n<meta property=\"og:locale\" content=\"sk_SK\" \/>\n<meta property=\"og:type\" content=\"article\" \/>\n<meta property=\"og:title\" content=\"Program aktiv\u00edt - Rosolina SK\" \/>\n<meta property=\"og:url\" content=\"https:\/\/rosolina.holiday\/sk\/zabava-a-volny-cas\/program-aktivit\/\" \/>\n<meta property=\"og:site_name\" content=\"Rosolina SK\" \/>\n<meta name=\"twitter:card\" content=\"summary_large_image\" \/>\n<script type=\"application\/ld+json\" class=\"yoast-schema-graph\">{\"@context\":\"https:\/\/schema.org\",\"@graph\":[{\"@type\":\"WebPage\",\"@id\":\"https:\/\/rosolina.holiday\/sk\/zabava-a-volny-cas\/program-aktivit\/\",\"url\":\"https:\/\/rosolina.holiday\/sk\/zabava-a-volny-cas\/program-aktivit\/\",\"name\":\"Program aktiv\u00edt - Rosolina SK\",\"isPartOf\":{\"@id\":\"https:\/\/rosolina.holiday\/sk\/#website\"},\"datePublished\":\"2019-11-12T20:42:25+00:00\",\"breadcrumb\":{\"@id\":\"https:\/\/rosolina.holiday\/sk\/zabava-a-volny-cas\/program-aktivit\/#breadcrumb\"},\"inLanguage\":\"sk-SK\",\"potentialAction\":[{\"@type\":\"ReadAction\",\"target\":[\"https:\/\/rosolina.holiday\/sk\/zabava-a-volny-cas\/program-aktivit\/\"]}]},{\"@type\":\"BreadcrumbList\",\"@id\":\"https:\/\/rosolina.holiday\/sk\/zabava-a-volny-cas\/program-aktivit\/#breadcrumb\",\"itemListElement\":[{\"@type\":\"ListItem\",\"position\":1,\"name\":\"Home\",\"item\":\"https:\/\/rosolina.holiday\/sk\/\"},{\"@type\":\"ListItem\",\"position\":2,\"name\":\"Z\u00e1bava a vo\u013en\u00fd \u010das\",\"item\":\"https:\/\/rosolina.holiday\/sk\/zabava-a-volny-cas\/\"},{\"@type\":\"ListItem\",\"position\":3,\"name\":\"Program aktiv\u00edt\"}]},{\"@type\":\"WebSite\",\"@id\":\"https:\/\/rosolina.holiday\/sk\/#website\",\"url\":\"https:\/\/rosolina.holiday\/sk\/\",\"name\":\"Rosolina SK\",\"description\":\"Just another rosolina.holiday Sites site\",\"potentialAction\":[{\"@type\":\"SearchAction\",\"target\":{\"@type\":\"EntryPoint\",\"urlTemplate\":\"https:\/\/rosolina.holiday\/sk\/?s={search_term_string}\"},\"query-input\":{\"@type\":\"PropertyValueSpecification\",\"valueRequired\":true,\"valueName\":\"search_term_string\"}}],\"inLanguage\":\"sk-SK\"}]}<\/script>\n<!-- \/ Yoast SEO plugin. -->","yoast_head_json":{"title":"Program aktiv\u00edt - Rosolina SK","robots":{"index":"index","follow":"follow","max-snippet":"max-snippet:-1","max-image-preview":"max-image-preview:large","max-video-preview":"max-video-preview:-1"},"canonical":"https:\/\/rosolina.holiday\/sk\/zabava-a-volny-cas\/program-aktivit\/","og_locale":"sk_SK","og_type":"article","og_title":"Program aktiv\u00edt - Rosolina SK","og_url":"https:\/\/rosolina.holiday\/sk\/zabava-a-volny-cas\/program-aktivit\/","og_site_name":"Rosolina SK","twitter_card":"summary_large_image","schema":{"@context":"https:\/\/schema.org","@graph":[{"@type":"WebPage","@id":"https:\/\/rosolina.holiday\/sk\/zabava-a-volny-cas\/program-aktivit\/","url":"https:\/\/rosolina.holiday\/sk\/zabava-a-volny-cas\/program-aktivit\/","name":"Program aktiv\u00edt - Rosolina SK","isPartOf":{"@id":"https:\/\/rosolina.holiday\/sk\/#website"},"datePublished":"2019-11-12T20:42:25+00:00","breadcrumb":{"@id":"https:\/\/rosolina.holiday\/sk\/zabava-a-volny-cas\/program-aktivit\/#breadcrumb"},"inLanguage":"sk-SK","potentialAction":[{"@type":"ReadAction","target":["https:\/\/rosolina.holiday\/sk\/zabava-a-volny-cas\/program-aktivit\/"]}]},{"@type":"BreadcrumbList","@id":"https:\/\/rosolina.holiday\/sk\/zabava-a-volny-cas\/program-aktivit\/#breadcrumb","itemListElement":[{"@type":"ListItem","position":1,"name":"Home","item":"https:\/\/rosolina.holiday\/sk\/"},{"@type":"ListItem","position":2,"name":"Z\u00e1bava a vo\u013en\u00fd \u010das","item":"https:\/\/rosolina.holiday\/sk\/zabava-a-volny-cas\/"},{"@type":"ListItem","position":3,"name":"Program aktiv\u00edt"}]},{"@type":"WebSite","@id":"https:\/\/rosolina.holiday\/sk\/#website","url":"https:\/\/rosolina.holiday\/sk\/","name":"Rosolina SK","description":"Just another rosolina.holiday Sites site","potentialAction":[{"@type":"SearchAction","target":{"@type":"EntryPoint","urlTemplate":"https:\/\/rosolina.holiday\/sk\/?s={search_term_string}"},"query-input":{"@type":"PropertyValueSpecification","valueRequired":true,"valueName":"search_term_string"}}],"inLanguage":"sk-SK"}]}},"_links":{"self":[{"href":"https:\/\/rosolina.holiday\/sk\/wp-json\/wp\/v2\/pages\/31","targetHints":{"allow":["GET"]}}],"collection":[{"href":"https:\/\/rosolina.holiday\/sk\/wp-json\/wp\/v2\/pages"}],"about":[{"href":"https:\/\/rosolina.holiday\/sk\/wp-json\/wp\/v2\/types\/page"}],"author":[{"embeddable":true,"href":"https:\/\/rosolina.holiday\/sk\/wp-json\/wp\/v2\/users\/1"}],"replies":[{"embeddable":true,"href":"https:\/\/rosolina.holiday\/sk\/wp-json\/wp\/v2\/comments?post=31"}],"version-history":[{"count":1,"href":"https:\/\/rosolina.holiday\/sk\/wp-json\/wp\/v2\/pages\/31\/revisions"}],"predecessor-version":[{"id":32,"href":"https:\/\/rosolina.holiday\/sk\/wp-json\/wp\/v2\/pages\/31\/revisions\/32"}],"up":[{"embeddable":true,"href":"https:\/\/rosolina.holiday\/sk\/wp-json\/wp\/v2\/pages\/27"}],"wp:attachment":[{"href":"https:\/\/rosolina.holiday\/sk\/wp-json\/wp\/v2\/media?parent=31"}],"curies":[{"name":"wp","href":"https:\/\/api.w.org\/{rel}","templated":true}]}}