{"id":22,"date":"2019-09-18T11:55:10","date_gmt":"2019-09-18T11:55:10","guid":{"rendered":"http:\/\/dev.rosolina.holiday\/da\/?page_id=22"},"modified":"2019-09-18T11:55:10","modified_gmt":"2019-09-18T11:55:10","slug":"laeger-og-foerstehjaelp","status":"publish","type":"page","link":"https:\/\/rosolina.holiday\/da\/praktisk-info\/laeger-og-foerstehjaelp\/","title":{"rendered":"L\u00e6ger og f\u00f8rstehj\u00e6lp"},"content":{"rendered":"","protected":false},"excerpt":{"rendered":"","protected":false},"author":1,"featured_media":0,"parent":18,"menu_order":0,"comment_status":"closed","ping_status":"closed","template":"","meta":{"footnotes":""},"class_list":["post-22","page","type-page","status-publish","hentry"],"yoast_head":"<!-- This site is optimized with the Yoast SEO plugin v25.2 - https:\/\/yoast.com\/wordpress\/plugins\/seo\/ -->\n<title>L\u00e6ger og f\u00f8rstehj\u00e6lp - Rosolina DA<\/title>\n<meta name=\"robots\" content=\"index, follow, max-snippet:-1, max-image-preview:large, max-video-preview:-1\" \/>\n<link rel=\"canonical\" href=\"https:\/\/rosolina.holiday\/da\/praktisk-info\/laeger-og-foerstehjaelp\/\" \/>\n<meta property=\"og:locale\" content=\"da_DK\" \/>\n<meta property=\"og:type\" content=\"article\" \/>\n<meta property=\"og:title\" content=\"L\u00e6ger og f\u00f8rstehj\u00e6lp - Rosolina DA\" \/>\n<meta property=\"og:url\" content=\"https:\/\/rosolina.holiday\/da\/praktisk-info\/laeger-og-foerstehjaelp\/\" \/>\n<meta property=\"og:site_name\" content=\"Rosolina DA\" \/>\n<meta name=\"twitter:card\" content=\"summary_large_image\" \/>\n<script type=\"application\/ld+json\" class=\"yoast-schema-graph\">{\"@context\":\"https:\/\/schema.org\",\"@graph\":[{\"@type\":\"WebPage\",\"@id\":\"https:\/\/rosolina.holiday\/da\/praktisk-info\/laeger-og-foerstehjaelp\/\",\"url\":\"https:\/\/rosolina.holiday\/da\/praktisk-info\/laeger-og-foerstehjaelp\/\",\"name\":\"L\u00e6ger og f\u00f8rstehj\u00e6lp - Rosolina DA\",\"isPartOf\":{\"@id\":\"https:\/\/rosolina.holiday\/da\/#website\"},\"datePublished\":\"2019-09-18T11:55:10+00:00\",\"breadcrumb\":{\"@id\":\"https:\/\/rosolina.holiday\/da\/praktisk-info\/laeger-og-foerstehjaelp\/#breadcrumb\"},\"inLanguage\":\"da-DK\",\"potentialAction\":[{\"@type\":\"ReadAction\",\"target\":[\"https:\/\/rosolina.holiday\/da\/praktisk-info\/laeger-og-foerstehjaelp\/\"]}]},{\"@type\":\"BreadcrumbList\",\"@id\":\"https:\/\/rosolina.holiday\/da\/praktisk-info\/laeger-og-foerstehjaelp\/#breadcrumb\",\"itemListElement\":[{\"@type\":\"ListItem\",\"position\":1,\"name\":\"Home\",\"item\":\"https:\/\/rosolina.holiday\/da\/\"},{\"@type\":\"ListItem\",\"position\":2,\"name\":\"Praktisk info\",\"item\":\"https:\/\/rosolina.holiday\/da\/praktisk-info\/\"},{\"@type\":\"ListItem\",\"position\":3,\"name\":\"L\u00e6ger og f\u00f8rstehj\u00e6lp\"}]},{\"@type\":\"WebSite\",\"@id\":\"https:\/\/rosolina.holiday\/da\/#website\",\"url\":\"https:\/\/rosolina.holiday\/da\/\",\"name\":\"Rosolina DA\",\"description\":\"Just another rosolina.holiday Sites site\",\"potentialAction\":[{\"@type\":\"SearchAction\",\"target\":{\"@type\":\"EntryPoint\",\"urlTemplate\":\"https:\/\/rosolina.holiday\/da\/?s={search_term_string}\"},\"query-input\":{\"@type\":\"PropertyValueSpecification\",\"valueRequired\":true,\"valueName\":\"search_term_string\"}}],\"inLanguage\":\"da-DK\"}]}<\/script>\n<!-- \/ Yoast SEO plugin. -->","yoast_head_json":{"title":"L\u00e6ger og f\u00f8rstehj\u00e6lp - Rosolina DA","robots":{"index":"index","follow":"follow","max-snippet":"max-snippet:-1","max-image-preview":"max-image-preview:large","max-video-preview":"max-video-preview:-1"},"canonical":"https:\/\/rosolina.holiday\/da\/praktisk-info\/laeger-og-foerstehjaelp\/","og_locale":"da_DK","og_type":"article","og_title":"L\u00e6ger og f\u00f8rstehj\u00e6lp - Rosolina DA","og_url":"https:\/\/rosolina.holiday\/da\/praktisk-info\/laeger-og-foerstehjaelp\/","og_site_name":"Rosolina DA","twitter_card":"summary_large_image","schema":{"@context":"https:\/\/schema.org","@graph":[{"@type":"WebPage","@id":"https:\/\/rosolina.holiday\/da\/praktisk-info\/laeger-og-foerstehjaelp\/","url":"https:\/\/rosolina.holiday\/da\/praktisk-info\/laeger-og-foerstehjaelp\/","name":"L\u00e6ger og f\u00f8rstehj\u00e6lp - Rosolina DA","isPartOf":{"@id":"https:\/\/rosolina.holiday\/da\/#website"},"datePublished":"2019-09-18T11:55:10+00:00","breadcrumb":{"@id":"https:\/\/rosolina.holiday\/da\/praktisk-info\/laeger-og-foerstehjaelp\/#breadcrumb"},"inLanguage":"da-DK","potentialAction":[{"@type":"ReadAction","target":["https:\/\/rosolina.holiday\/da\/praktisk-info\/laeger-og-foerstehjaelp\/"]}]},{"@type":"BreadcrumbList","@id":"https:\/\/rosolina.holiday\/da\/praktisk-info\/laeger-og-foerstehjaelp\/#breadcrumb","itemListElement":[{"@type":"ListItem","position":1,"name":"Home","item":"https:\/\/rosolina.holiday\/da\/"},{"@type":"ListItem","position":2,"name":"Praktisk info","item":"https:\/\/rosolina.holiday\/da\/praktisk-info\/"},{"@type":"ListItem","position":3,"name":"L\u00e6ger og f\u00f8rstehj\u00e6lp"}]},{"@type":"WebSite","@id":"https:\/\/rosolina.holiday\/da\/#website","url":"https:\/\/rosolina.holiday\/da\/","name":"Rosolina DA","description":"Just another rosolina.holiday Sites site","potentialAction":[{"@type":"SearchAction","target":{"@type":"EntryPoint","urlTemplate":"https:\/\/rosolina.holiday\/da\/?s={search_term_string}"},"query-input":{"@type":"PropertyValueSpecification","valueRequired":true,"valueName":"search_term_string"}}],"inLanguage":"da-DK"}]}},"_links":{"self":[{"href":"https:\/\/rosolina.holiday\/da\/wp-json\/wp\/v2\/pages\/22","targetHints":{"allow":["GET"]}}],"collection":[{"href":"https:\/\/rosolina.holiday\/da\/wp-json\/wp\/v2\/pages"}],"about":[{"href":"https:\/\/rosolina.holiday\/da\/wp-json\/wp\/v2\/types\/page"}],"author":[{"embeddable":true,"href":"https:\/\/rosolina.holiday\/da\/wp-json\/wp\/v2\/users\/1"}],"replies":[{"embeddable":true,"href":"https:\/\/rosolina.holiday\/da\/wp-json\/wp\/v2\/comments?post=22"}],"version-history":[{"count":1,"href":"https:\/\/rosolina.holiday\/da\/wp-json\/wp\/v2\/pages\/22\/revisions"}],"predecessor-version":[{"id":23,"href":"https:\/\/rosolina.holiday\/da\/wp-json\/wp\/v2\/pages\/22\/revisions\/23"}],"up":[{"embeddable":true,"href":"https:\/\/rosolina.holiday\/da\/wp-json\/wp\/v2\/pages\/18"}],"wp:attachment":[{"href":"https:\/\/rosolina.holiday\/da\/wp-json\/wp\/v2\/media?parent=22"}],"curies":[{"name":"wp","href":"https:\/\/api.w.org\/{rel}","templated":true}]}}