{"id":71423,"date":"2020-02-17T15:42:46","date_gmt":"2020-02-17T15:42:46","guid":{"rendered":"https:\/\/rosolina.holiday\/cz\/?page_id=71423"},"modified":"2020-02-17T15:42:46","modified_gmt":"2020-02-17T15:42:46","slug":"aquapark-lunapark","status":"publish","type":"page","link":"https:\/\/rosolina.holiday\/cz\/lokalita\/aquapark-lunapark\/","title":{"rendered":"Aquapark, Lunapark"},"content":{"rendered":"\n<p>V samotn\u00e9m&nbsp;Rosolina Mare najdete jen baz\u00e9n s&nbsp;tobog\u00e1nem. Nejbli\u017e\u0161\u00ed v\u011bt\u0161\u00ed aquapark Bagni Europa Acquaparco Idrofollie se nach\u00e1z\u00ed v&nbsp;m\u011bste\u010dku Chioggia, v \u010d\u00e1sti Sottomarina. Najdete v&nbsp;n\u011bm skluzavky a tobog\u00e1ny, rychlou a pomalou \u0159eku, magickou lagunu, apod. Konaj\u00ed se zde tak\u00e9 kurzy pot\u00e1p\u011bn\u00ed a aquagymnastiky.&nbsp; Zvl\u00e1\u0161tnost\u00ed je tak\u00e9 p\u0159\u00edstup na pl\u00e1\u017e p\u0159\u00edmo z&nbsp;akvaparku. Vzdu\u0161nou \u010darou je to do Idrofollie z Rosolina Mare sice jen 9 km, autem ale 23 km. Parkovn\u00e9 stoj\u00ed \u20ac 5,00 (v\u0161edn\u00ed dny) \/ \u20ac 6,00 (sv\u00e1te\u010dn\u00ed dny). Vstupn\u00e9 stoj\u00ed pro dosp\u011bl\u00e9ho \u20ac 9,50 (v\u0161edn\u00ed dny) \/ \u20ac 11,50 (sv\u00e1te\u010dn\u00ed dny), pro d\u00edt\u011b \u20ac 8,00 (v\u0161edn\u00ed dny) \/ \u20ac 10,50 (sv\u00e1te\u010dn\u00ed dny). Od 14:00 hod. je vstupn\u00e9 o \u20ac 1,50 levn\u011bj\u0161\u00ed. Slune\u010dn\u00edk, nebo leh\u00e1tko (1 kus) stoj\u00ed \u20ac 5,00 (v\u0161edn\u00ed dny) \/ \u20ac 6,00 (sv\u00e1te\u010dn\u00ed dny).<\/p>\n\n\n\n<p>V&nbsp;dojezdov\u00e9 vzd\u00e1lenosti (cca 1,5 hod. autem sm\u011brem na Ravennu) je i vyhl\u00e1\u0161en\u00fd z\u00e1bavn\u00ed park Mirabilandia. Nab\u00edz\u00ed p\u0159es 40 druh\u016f v\u00edce \u010di m\u00e9n\u011b adrenalinov\u00fdch atrakc\u00ed, v\u010detn\u011b velk\u00e9 horsk\u00e9 dr\u00e1hy a vodn\u00edch atrakc\u00ed. L\u00edstky plat\u00ed na cel\u00fd den a zahrnuj\u00ed vstup na v\u0161echny atrakce. Krom\u011b nich si v&nbsp;parku m\u016f\u017eete u\u017e\u00edt i r\u016fzn\u00e1 dechberouc\u00ed vystoupen\u00ed (akrobacie, muzik\u00e1ly, kaskad\u00e9\u0159i, apod.). Samostatnou \u010d\u00e1st\u00ed parku je akvapark MirabilandiaBeach s baz\u00e9ny a skluzavkami, na jeho\u017e pl\u00e1\u017e byl dovezen b\u00edl\u00fd p\u00edsek z&nbsp;Karibiku. Orienta\u010dn\u00ed cena denn\u00edho vstupn\u00e9ho je \u20ac 30, d\u011bti do 100 cm v\u00fd\u0161ky maj\u00ed vstup zdarma.<\/p>\n\n\n\n<p>V&nbsp;Rosolina Mare najdete v sez\u00f3n\u011b mal\u00e9 z\u00e1bavn\u00ed vy\u017eit\u00ed, atrakce zejm\u00e9na pro d\u011bti, na piazzale Europa. Je to vhodn\u00e9 m\u00edsto, kde m\u016f\u017eete s&nbsp;d\u011btmi pob\u00fdt nap\u0159. i ve\u010der.<br><\/p>\n","protected":false},"excerpt":{"rendered":"<p>V samotn\u00e9m&nbsp;Rosolina Mare najdete jen baz\u00e9n s&nbsp;tobog\u00e1nem. Nejbli\u017e\u0161\u00ed v\u011bt\u0161\u00ed aquapark Bagni Europa Acquaparco Idrofollie se nach\u00e1z\u00ed v&nbsp;m\u011bste\u010dku Chioggia, v \u010d\u00e1sti Sottomarina. Najdete v&nbsp;n\u011bm skluzavky a tobog\u00e1ny, rychlou a pomalou \u0159eku, magickou lagunu, apod. Konaj\u00ed se zde tak\u00e9 kurzy pot\u00e1p\u011bn\u00ed a aquagymnastiky.&nbsp; Zvl\u00e1\u0161tnost\u00ed je tak\u00e9 p\u0159\u00edstup na pl\u00e1\u017e p\u0159\u00edmo z&nbsp;akvaparku. Vzdu\u0161nou \u010darou je to do Idrofollie&#8230;<\/p>\n","protected":false},"author":1,"featured_media":0,"parent":9,"menu_order":0,"comment_status":"closed","ping_status":"closed","template":"","meta":{"footnotes":""},"class_list":["post-71423","page","type-page","status-publish","hentry"],"yoast_head":"<!-- This site is optimized with the Yoast SEO plugin v25.2 - https:\/\/yoast.com\/wordpress\/plugins\/seo\/ -->\n<title>Aquapark, Lunapark - Rosolina CZ<\/title>\n<meta name=\"robots\" content=\"index, follow, max-snippet:-1, max-image-preview:large, max-video-preview:-1\" \/>\n<link rel=\"canonical\" href=\"https:\/\/rosolina.holiday\/cz\/lokalita\/aquapark-lunapark\/\" \/>\n<meta property=\"og:locale\" content=\"cs_CZ\" \/>\n<meta property=\"og:type\" content=\"article\" \/>\n<meta property=\"og:title\" content=\"Aquapark, Lunapark - Rosolina CZ\" \/>\n<meta property=\"og:description\" content=\"V samotn\u00e9m&nbsp;Rosolina Mare najdete jen baz\u00e9n s&nbsp;tobog\u00e1nem. Nejbli\u017e\u0161\u00ed v\u011bt\u0161\u00ed aquapark Bagni Europa Acquaparco Idrofollie se nach\u00e1z\u00ed v&nbsp;m\u011bste\u010dku Chioggia, v \u010d\u00e1sti Sottomarina. Najdete v&nbsp;n\u011bm skluzavky a tobog\u00e1ny, rychlou a pomalou \u0159eku, magickou lagunu, apod. Konaj\u00ed se zde tak\u00e9 kurzy pot\u00e1p\u011bn\u00ed a aquagymnastiky.&nbsp; Zvl\u00e1\u0161tnost\u00ed je tak\u00e9 p\u0159\u00edstup na pl\u00e1\u017e p\u0159\u00edmo z&nbsp;akvaparku. Vzdu\u0161nou \u010darou je to do Idrofollie...\" \/>\n<meta property=\"og:url\" content=\"https:\/\/rosolina.holiday\/cz\/lokalita\/aquapark-lunapark\/\" \/>\n<meta property=\"og:site_name\" content=\"Rosolina CZ\" \/>\n<meta name=\"twitter:card\" content=\"summary_large_image\" \/>\n<meta name=\"twitter:label1\" content=\"Odhadovan\u00e1 doba \u010dten\u00ed\" \/>\n\t<meta name=\"twitter:data1\" content=\"2 minuty\" \/>\n<script type=\"application\/ld+json\" class=\"yoast-schema-graph\">{\"@context\":\"https:\/\/schema.org\",\"@graph\":[{\"@type\":\"WebPage\",\"@id\":\"https:\/\/rosolina.holiday\/cz\/lokalita\/aquapark-lunapark\/\",\"url\":\"https:\/\/rosolina.holiday\/cz\/lokalita\/aquapark-lunapark\/\",\"name\":\"Aquapark, Lunapark - Rosolina CZ\",\"isPartOf\":{\"@id\":\"https:\/\/rosolina.holiday\/cz\/#website\"},\"datePublished\":\"2020-02-17T15:42:46+00:00\",\"breadcrumb\":{\"@id\":\"https:\/\/rosolina.holiday\/cz\/lokalita\/aquapark-lunapark\/#breadcrumb\"},\"inLanguage\":\"cs\",\"potentialAction\":[{\"@type\":\"ReadAction\",\"target\":[\"https:\/\/rosolina.holiday\/cz\/lokalita\/aquapark-lunapark\/\"]}]},{\"@type\":\"BreadcrumbList\",\"@id\":\"https:\/\/rosolina.holiday\/cz\/lokalita\/aquapark-lunapark\/#breadcrumb\",\"itemListElement\":[{\"@type\":\"ListItem\",\"position\":1,\"name\":\"Home\",\"item\":\"https:\/\/rosolina.holiday\/cz\/\"},{\"@type\":\"ListItem\",\"position\":2,\"name\":\"Lokalita\",\"item\":\"https:\/\/rosolina.holiday\/cz\/lokalita\/\"},{\"@type\":\"ListItem\",\"position\":3,\"name\":\"Aquapark, Lunapark\"}]},{\"@type\":\"WebSite\",\"@id\":\"https:\/\/rosolina.holiday\/cz\/#website\",\"url\":\"https:\/\/rosolina.holiday\/cz\/\",\"name\":\"Rosolina CZ\",\"description\":\"Just another rosolina.holiday Sites site\",\"potentialAction\":[{\"@type\":\"SearchAction\",\"target\":{\"@type\":\"EntryPoint\",\"urlTemplate\":\"https:\/\/rosolina.holiday\/cz\/?s={search_term_string}\"},\"query-input\":{\"@type\":\"PropertyValueSpecification\",\"valueRequired\":true,\"valueName\":\"search_term_string\"}}],\"inLanguage\":\"cs\"}]}<\/script>\n<!-- \/ Yoast SEO plugin. -->","yoast_head_json":{"title":"Aquapark, Lunapark - Rosolina CZ","robots":{"index":"index","follow":"follow","max-snippet":"max-snippet:-1","max-image-preview":"max-image-preview:large","max-video-preview":"max-video-preview:-1"},"canonical":"https:\/\/rosolina.holiday\/cz\/lokalita\/aquapark-lunapark\/","og_locale":"cs_CZ","og_type":"article","og_title":"Aquapark, Lunapark - Rosolina CZ","og_description":"V samotn\u00e9m&nbsp;Rosolina Mare najdete jen baz\u00e9n s&nbsp;tobog\u00e1nem. Nejbli\u017e\u0161\u00ed v\u011bt\u0161\u00ed aquapark Bagni Europa Acquaparco Idrofollie se nach\u00e1z\u00ed v&nbsp;m\u011bste\u010dku Chioggia, v \u010d\u00e1sti Sottomarina. Najdete v&nbsp;n\u011bm skluzavky a tobog\u00e1ny, rychlou a pomalou \u0159eku, magickou lagunu, apod. Konaj\u00ed se zde tak\u00e9 kurzy pot\u00e1p\u011bn\u00ed a aquagymnastiky.&nbsp; Zvl\u00e1\u0161tnost\u00ed je tak\u00e9 p\u0159\u00edstup na pl\u00e1\u017e p\u0159\u00edmo z&nbsp;akvaparku. Vzdu\u0161nou \u010darou je to do Idrofollie...","og_url":"https:\/\/rosolina.holiday\/cz\/lokalita\/aquapark-lunapark\/","og_site_name":"Rosolina CZ","twitter_card":"summary_large_image","twitter_misc":{"Odhadovan\u00e1 doba \u010dten\u00ed":"2 minuty"},"schema":{"@context":"https:\/\/schema.org","@graph":[{"@type":"WebPage","@id":"https:\/\/rosolina.holiday\/cz\/lokalita\/aquapark-lunapark\/","url":"https:\/\/rosolina.holiday\/cz\/lokalita\/aquapark-lunapark\/","name":"Aquapark, Lunapark - Rosolina CZ","isPartOf":{"@id":"https:\/\/rosolina.holiday\/cz\/#website"},"datePublished":"2020-02-17T15:42:46+00:00","breadcrumb":{"@id":"https:\/\/rosolina.holiday\/cz\/lokalita\/aquapark-lunapark\/#breadcrumb"},"inLanguage":"cs","potentialAction":[{"@type":"ReadAction","target":["https:\/\/rosolina.holiday\/cz\/lokalita\/aquapark-lunapark\/"]}]},{"@type":"BreadcrumbList","@id":"https:\/\/rosolina.holiday\/cz\/lokalita\/aquapark-lunapark\/#breadcrumb","itemListElement":[{"@type":"ListItem","position":1,"name":"Home","item":"https:\/\/rosolina.holiday\/cz\/"},{"@type":"ListItem","position":2,"name":"Lokalita","item":"https:\/\/rosolina.holiday\/cz\/lokalita\/"},{"@type":"ListItem","position":3,"name":"Aquapark, Lunapark"}]},{"@type":"WebSite","@id":"https:\/\/rosolina.holiday\/cz\/#website","url":"https:\/\/rosolina.holiday\/cz\/","name":"Rosolina CZ","description":"Just another rosolina.holiday Sites site","potentialAction":[{"@type":"SearchAction","target":{"@type":"EntryPoint","urlTemplate":"https:\/\/rosolina.holiday\/cz\/?s={search_term_string}"},"query-input":{"@type":"PropertyValueSpecification","valueRequired":true,"valueName":"search_term_string"}}],"inLanguage":"cs"}]}},"_links":{"self":[{"href":"https:\/\/rosolina.holiday\/cz\/wp-json\/wp\/v2\/pages\/71423","targetHints":{"allow":["GET"]}}],"collection":[{"href":"https:\/\/rosolina.holiday\/cz\/wp-json\/wp\/v2\/pages"}],"about":[{"href":"https:\/\/rosolina.holiday\/cz\/wp-json\/wp\/v2\/types\/page"}],"author":[{"embeddable":true,"href":"https:\/\/rosolina.holiday\/cz\/wp-json\/wp\/v2\/users\/1"}],"replies":[{"embeddable":true,"href":"https:\/\/rosolina.holiday\/cz\/wp-json\/wp\/v2\/comments?post=71423"}],"version-history":[{"count":1,"href":"https:\/\/rosolina.holiday\/cz\/wp-json\/wp\/v2\/pages\/71423\/revisions"}],"predecessor-version":[{"id":71424,"href":"https:\/\/rosolina.holiday\/cz\/wp-json\/wp\/v2\/pages\/71423\/revisions\/71424"}],"up":[{"embeddable":true,"href":"https:\/\/rosolina.holiday\/cz\/wp-json\/wp\/v2\/pages\/9"}],"wp:attachment":[{"href":"https:\/\/rosolina.holiday\/cz\/wp-json\/wp\/v2\/media?parent=71423"}],"curies":[{"name":"wp","href":"https:\/\/api.w.org\/{rel}","templated":true}]}}