{"id":71419,"date":"2020-02-17T15:40:28","date_gmt":"2020-02-17T15:40:28","guid":{"rendered":"https:\/\/rosolina.holiday\/cz\/?page_id=71419"},"modified":"2020-02-17T15:40:29","modified_gmt":"2020-02-17T15:40:29","slug":"turisticke-cile-a-zajimavosti","status":"publish","type":"page","link":"https:\/\/rosolina.holiday\/cz\/lokalita\/turisticke-cile-a-zajimavosti\/","title":{"rendered":"Turistick\u00e9 c\u00edle a zaj\u00edmavosti"},"content":{"rendered":"\n<h2 class=\"wp-block-heading\"><strong>1. Botanick\u00e1 zahrada&nbsp;<\/strong><\/h2>\n\n\n\n<p>Botanick\u00e1 zahrada (Giardino Botanico Litoraneo di Porto Caleri) se rozkl\u00e1d\u00e1 na cca 23 hektarech v&nbsp;ji\u017en\u00ed \u010d\u00e1sti poloostrova Rosolina Mare. Zahrada byla zalo\u017eena v&nbsp;roce 1991 region\u00e1ln\u00ed lesn\u00ed slu\u017ebou ve spolupr\u00e1ci s&nbsp;univerzitou v&nbsp;Padov\u011b. Nab\u00edz\u00ed \u00fachvatn\u00e9 p\u0159\u00edrodn\u00ed scen\u00e9rie z&nbsp;p\u00edse\u010dn\u00fdch dun, borov\u00fdch a jilmov\u00fdch les\u016f, slan\u00fdch ba\u017ein a mok\u0159ad\u016f. Obsahuje 12 ekosyst\u00e9m\u016f s&nbsp;asi 220 druhy rostlin, v\u010detn\u011b p\u016fvodn\u00edch orchidej\u00ed. M\u016f\u017eete si ji proj\u00edt po t\u0159ech r\u016fzn\u00fdch stezk\u00e1ch \u2013 trasa A (\u017elut\u00e1) m\u011b\u0159\u00ed asi 600 metr\u016f, trasa B (\u010derven\u00e1) asi 1650 metr\u016f a trasa C (modr\u00e1) asi 2850 metr\u016f. Ka\u017ed\u00e1 z&nbsp;cest v\u00e1m nab\u00eddne n\u011bco trochu odli\u0161n\u00e9ho, tak\u017ee se ur\u010dit\u011b vyplat\u00ed zkusit proj\u00edt v\u0161echny. V&nbsp;pokladn\u011b si vezm\u011bte pr\u016fvodce s&nbsp;orienta\u010dn\u00ed mapou, kter\u00e1 se v\u00e1m cestou m\u016f\u017ee hodit. Trasy A a B jsou otev\u0159eny dle otev\u00edrac\u00ed doby zahrady (do 18 nebo 19 hod.), trasa C je p\u0159\u00edstupn\u00e1 bez omezen\u00ed.&nbsp;<\/p>\n\n\n\n<p>Trasa A (\u017elut\u00e1) za\u010d\u00edn\u00e1 hned u pokladny a m\u00e1 kruhov\u00fd tvar. Provede v\u00e1s \u010d\u00e1st\u00ed, kter\u00e1 je nejd\u00e1le od mo\u0159e, a zavede v\u00e1s nejprve do borov\u00e9ho lesa a pot\u00e9 p\u0159es d\u0159ev\u011bn\u00e9 chodn\u00edky do les\u016f dubov\u00fdch. Na trase A nejsou \u017e\u00e1dn\u00e9 p\u00eds\u010dit\u00e9 \u00faseky.<\/p>\n\n\n\n<p>Trasa B za\u010d\u00edn\u00e1 cca v&nbsp;prost\u0159edku trasy A. Zavede v\u00e1s p\u0159es borovicov\u00fd let k&nbsp;dun\u00e1m a pot\u00e9 a\u017e na&nbsp;pob\u0159e\u017e\u00ed. Sou\u010d\u00e1st\u00ed t\u00e9to trasy je panoramatick\u00e1 terasa, ze kter\u00e9 m\u016f\u017eete obdivovat v\u0161echny kr\u00e1sy kolem. Trasa B je p\u0159\u00edstupn\u00e1 s ko\u010d\u00e1rky a invalidn\u00edmi voz\u00edky pouze v \u010d\u00e1sti borov\u00e9ho lesa, n\u00e1sleduj\u00edc\u00ed \u010d\u00e1st sm\u011brem k pl\u00e1\u017ei vede po p\u00edsku.&nbsp;<\/p>\n\n\n\n<p>Trasa C m\u00e1 tak\u00e9 kruhov\u00fd tvar a jedna \u010d\u00e1st trasy je spole\u010dn\u00e1 s&nbsp;trasou B. Tato trasa je jako jedin\u00e1 st\u00e1le voln\u011b p\u0159\u00edstupn\u00e1. Nejzaj\u00edmav\u011bj\u0161\u00ed \u010d\u00e1st\u00ed je z\u0159ejm\u011b proch\u00e1zka po vyv\u00fd\u0161en\u00e9m d\u0159ev\u011bn\u00e9m chodn\u00ed\u010dku, kter\u00fd umo\u017e\u0148uje vid\u011bt lagunu z&nbsp;vy\u0161\u0161\u00ed perspektivy. M\u016f\u017eete se odtud dostat na sousedn\u00ed bezplatnou pl\u00e1\u017e, ze kter\u00e9 m\u016f\u017eete vid\u011bt nedalek\u00fd ostrov Albarella.<\/p>\n\n\n\n<p>Otev\u00edrac\u00ed doba zahrady: V dubnu, kv\u011btnu, z\u00e1\u0159\u00ed a prvn\u00ed polovin\u011b \u0159\u00edjna je otev\u0159eno v \u00fater\u00fd, \u010dtvrtek, sobotu, ned\u011bli a ve sv\u00e1tky od 10 do 13 hod. a od 15 do 18 hod. V \u010dervnu, \u010dervenci a srpnu je otev\u0159eno v \u00fater\u00fd, \u010dtvrtek, sobotu, ned\u011bli a ve sv\u00e1tky od 10 do 13 hod. a od 16 do 19 hod. Trasa C je p\u0159\u00edstupn\u00e1 v\u017edy.<\/p>\n\n\n\n<p>Komentovan\u00e9 prohl\u00eddky (za poplatek) se konaj\u00ed v&nbsp;dubnu, kv\u011btnu, z\u00e1\u0159\u00ed a \u0159\u00edjnu v&nbsp;10.30 hod. a v&nbsp;15.30 hod. V&nbsp;\u010dervnu, \u010dervenci a srpnu v&nbsp;10.30 hod. a 16.30 hod.<\/p>\n\n\n\n<p>Vstupn\u00e9 se plat\u00ed pouze na trasu A a B a cena je 2,50 EUR. Trasa C je p\u0159\u00edstupn\u00e1 zdarma. Chcete-li si proj\u00edt v\u0161echny t\u0159i trasy, po\u010d\u00edtejte alespo\u0148 se dv\u011bma hodinami. U zahrady je k&nbsp;dispozici bezplatn\u00e9 parkovi\u0161t\u011b, kde m\u016f\u017eete nechat auto.<\/p>\n\n\n\n<h2 class=\"wp-block-heading\"><strong>2. Rozhledna Foce dell&#8217;Adige<\/strong><\/h2>\n\n\n\n<p>Na severu poloostrova Rosolina Mare se nach\u00e1z\u00ed rozhledna, z&nbsp;jej\u00edho\u017e vrcholu se v\u00e1m naskytne kr\u00e1sn\u00fd v\u00fdhled na mo\u0159e a na deltu \u0159eky Adige.<\/p>\n\n\n\n<h2 class=\"wp-block-heading\"><strong>3. Letn\u00ed karneval<\/strong><\/h2>\n\n\n\n<p>V\u00a0\u010dervenci se v\u00a0Rosolina Mare pravideln\u011b kon\u00e1 letn\u00ed karneval, na kter\u00fd se p\u0159ij\u00ed\u017ed\u011bj\u00ed bavit d\u011bti i dosp\u011bl\u00ed z\u00a0cel\u00e9ho Ben\u00e1tska a kter\u00fd je samoz\u0159ejm\u011b velkou zaj\u00edmavost\u00ed i pro turisty. Za\u010d\u00edn\u00e1 kolem osm\u00e9 hodiny ve\u010dern\u00ed, kdy se shroma\u017e\u010fuj\u00ed alegorick\u00e9 vozy a ma\u0161kary ve Via Sant\u2019Antonio. Pr\u016fvod pokra\u010duje pod\u00e9l Viale dei Pini sm\u011brem k\u00a0Piazza San Giorgio, kde pokra\u010duje hudebn\u00ed, tane\u010dn\u00ed a z\u00e1bavn\u00ed program. Sou\u010d\u00e1st\u00ed programu n\u011bkdy b\u00fdvaj\u00ed i p\u0159ehl\u00eddky masek na pl\u00e1\u017e\u00edch.<\/p>\n\n\n\n<h2 class=\"wp-block-heading\"><strong>4. Chioggia<\/strong><\/h2>\n\n\n\n<p>Chioggia je malebn\u00e9 p\u0159\u00edstavn\u00ed m\u011bste\u010dko, kter\u00e9 b\u00fdv\u00e1 pro sv\u016fj typick\u00fd vzhled naz\u00fdv\u00e1no tak\u00e9 jako mal\u00e9 Ben\u00e1tky.&nbsp; Takt\u00e9\u017e zde toti\u017e najdete spoustu vodn\u00edch kan\u00e1l\u016f, p\u0159es kter\u00e9 vedou romantick\u00e9 mostky. Ve m\u011bst\u011b m\u016f\u017eete obdivovat historick\u00e9 c\u00edrkevn\u00ed pam\u00e1tky, nap\u0159. chr\u00e1m Santa Maria z jeden\u00e1ct\u00e9ho stolet\u00ed, kter\u00fd najdete v bezprost\u0159edn\u00ed bl\u00edzkosti m\u011bstsk\u00fdch bran, nebo nap\u0159. chr\u00e1m Sant\u00b4Andrea z osmn\u00e1ct\u00e9ho stolet\u00ed, u kter\u00e9ho stoj\u00ed proslul\u00e1 v\u011b\u017e Torre dell\u00b4Orologio, tak\u0159ka o cel\u00e9 tis\u00edcilet\u00ed star\u0161\u00ed. Obdivovat na ni m\u016f\u017eete jedny z nejstar\u0161\u00edch v\u011b\u017en\u00edch hodin na sv\u011bt\u011b. Dal\u0161\u00ed variantou, jak str\u00e1vit \u010das ve m\u011bst\u011b, je romantick\u00e1 proj\u00ed\u017e\u010fka lo\u010fkou po kan\u00e1lech, ochutn\u00e1n\u00ed n\u011bjak\u00e9 ryb\u00ed speciality, nebo\u0165 m\u011bsto je mimo jin\u00e9 proslul\u00e9 ryb\u00e1\u0159stv\u00edm. D\u011bti jist\u011b ocen\u00ed m\u00edstn\u00ed akvapark.<br><\/p>\n","protected":false},"excerpt":{"rendered":"<p>1. Botanick\u00e1 zahrada&nbsp; Botanick\u00e1 zahrada (Giardino Botanico Litoraneo di Porto Caleri) se rozkl\u00e1d\u00e1 na cca 23 hektarech v&nbsp;ji\u017en\u00ed \u010d\u00e1sti poloostrova Rosolina Mare. Zahrada byla zalo\u017eena v&nbsp;roce 1991 region\u00e1ln\u00ed lesn\u00ed slu\u017ebou ve spolupr\u00e1ci s&nbsp;univerzitou v&nbsp;Padov\u011b. Nab\u00edz\u00ed \u00fachvatn\u00e9 p\u0159\u00edrodn\u00ed scen\u00e9rie z&nbsp;p\u00edse\u010dn\u00fdch dun, borov\u00fdch a jilmov\u00fdch les\u016f, slan\u00fdch ba\u017ein a mok\u0159ad\u016f. Obsahuje 12 ekosyst\u00e9m\u016f s&nbsp;asi 220 druhy rostlin,&#8230;<\/p>\n","protected":false},"author":1,"featured_media":0,"parent":9,"menu_order":0,"comment_status":"closed","ping_status":"closed","template":"","meta":{"footnotes":""},"class_list":["post-71419","page","type-page","status-publish","hentry"],"yoast_head":"<!-- This site is optimized with the Yoast SEO plugin v25.2 - https:\/\/yoast.com\/wordpress\/plugins\/seo\/ -->\n<title>Turistick\u00e9 c\u00edle a zaj\u00edmavosti - Rosolina CZ<\/title>\n<meta name=\"robots\" content=\"index, follow, max-snippet:-1, max-image-preview:large, max-video-preview:-1\" \/>\n<link rel=\"canonical\" href=\"https:\/\/rosolina.holiday\/cz\/lokalita\/turisticke-cile-a-zajimavosti\/\" \/>\n<meta property=\"og:locale\" content=\"cs_CZ\" \/>\n<meta property=\"og:type\" content=\"article\" \/>\n<meta property=\"og:title\" content=\"Turistick\u00e9 c\u00edle a zaj\u00edmavosti - Rosolina CZ\" \/>\n<meta property=\"og:description\" content=\"1. Botanick\u00e1 zahrada&nbsp; Botanick\u00e1 zahrada (Giardino Botanico Litoraneo di Porto Caleri) se rozkl\u00e1d\u00e1 na cca 23 hektarech v&nbsp;ji\u017en\u00ed \u010d\u00e1sti poloostrova Rosolina Mare. Zahrada byla zalo\u017eena v&nbsp;roce 1991 region\u00e1ln\u00ed lesn\u00ed slu\u017ebou ve spolupr\u00e1ci s&nbsp;univerzitou v&nbsp;Padov\u011b. Nab\u00edz\u00ed \u00fachvatn\u00e9 p\u0159\u00edrodn\u00ed scen\u00e9rie z&nbsp;p\u00edse\u010dn\u00fdch dun, borov\u00fdch a jilmov\u00fdch les\u016f, slan\u00fdch ba\u017ein a mok\u0159ad\u016f. Obsahuje 12 ekosyst\u00e9m\u016f s&nbsp;asi 220 druhy rostlin,...\" \/>\n<meta property=\"og:url\" content=\"https:\/\/rosolina.holiday\/cz\/lokalita\/turisticke-cile-a-zajimavosti\/\" \/>\n<meta property=\"og:site_name\" content=\"Rosolina CZ\" \/>\n<meta property=\"article:modified_time\" content=\"2020-02-17T15:40:29+00:00\" \/>\n<meta name=\"twitter:card\" content=\"summary_large_image\" \/>\n<meta name=\"twitter:label1\" content=\"Odhadovan\u00e1 doba \u010dten\u00ed\" \/>\n\t<meta name=\"twitter:data1\" content=\"4 minuty\" \/>\n<script type=\"application\/ld+json\" class=\"yoast-schema-graph\">{\"@context\":\"https:\/\/schema.org\",\"@graph\":[{\"@type\":\"WebPage\",\"@id\":\"https:\/\/rosolina.holiday\/cz\/lokalita\/turisticke-cile-a-zajimavosti\/\",\"url\":\"https:\/\/rosolina.holiday\/cz\/lokalita\/turisticke-cile-a-zajimavosti\/\",\"name\":\"Turistick\u00e9 c\u00edle a zaj\u00edmavosti - Rosolina CZ\",\"isPartOf\":{\"@id\":\"https:\/\/rosolina.holiday\/cz\/#website\"},\"datePublished\":\"2020-02-17T15:40:28+00:00\",\"dateModified\":\"2020-02-17T15:40:29+00:00\",\"breadcrumb\":{\"@id\":\"https:\/\/rosolina.holiday\/cz\/lokalita\/turisticke-cile-a-zajimavosti\/#breadcrumb\"},\"inLanguage\":\"cs\",\"potentialAction\":[{\"@type\":\"ReadAction\",\"target\":[\"https:\/\/rosolina.holiday\/cz\/lokalita\/turisticke-cile-a-zajimavosti\/\"]}]},{\"@type\":\"BreadcrumbList\",\"@id\":\"https:\/\/rosolina.holiday\/cz\/lokalita\/turisticke-cile-a-zajimavosti\/#breadcrumb\",\"itemListElement\":[{\"@type\":\"ListItem\",\"position\":1,\"name\":\"Home\",\"item\":\"https:\/\/rosolina.holiday\/cz\/\"},{\"@type\":\"ListItem\",\"position\":2,\"name\":\"Lokalita\",\"item\":\"https:\/\/rosolina.holiday\/cz\/lokalita\/\"},{\"@type\":\"ListItem\",\"position\":3,\"name\":\"Turistick\u00e9 c\u00edle a zaj\u00edmavosti\"}]},{\"@type\":\"WebSite\",\"@id\":\"https:\/\/rosolina.holiday\/cz\/#website\",\"url\":\"https:\/\/rosolina.holiday\/cz\/\",\"name\":\"Rosolina CZ\",\"description\":\"Just another rosolina.holiday Sites site\",\"potentialAction\":[{\"@type\":\"SearchAction\",\"target\":{\"@type\":\"EntryPoint\",\"urlTemplate\":\"https:\/\/rosolina.holiday\/cz\/?s={search_term_string}\"},\"query-input\":{\"@type\":\"PropertyValueSpecification\",\"valueRequired\":true,\"valueName\":\"search_term_string\"}}],\"inLanguage\":\"cs\"}]}<\/script>\n<!-- \/ Yoast SEO plugin. -->","yoast_head_json":{"title":"Turistick\u00e9 c\u00edle a zaj\u00edmavosti - Rosolina CZ","robots":{"index":"index","follow":"follow","max-snippet":"max-snippet:-1","max-image-preview":"max-image-preview:large","max-video-preview":"max-video-preview:-1"},"canonical":"https:\/\/rosolina.holiday\/cz\/lokalita\/turisticke-cile-a-zajimavosti\/","og_locale":"cs_CZ","og_type":"article","og_title":"Turistick\u00e9 c\u00edle a zaj\u00edmavosti - Rosolina CZ","og_description":"1. Botanick\u00e1 zahrada&nbsp; Botanick\u00e1 zahrada (Giardino Botanico Litoraneo di Porto Caleri) se rozkl\u00e1d\u00e1 na cca 23 hektarech v&nbsp;ji\u017en\u00ed \u010d\u00e1sti poloostrova Rosolina Mare. Zahrada byla zalo\u017eena v&nbsp;roce 1991 region\u00e1ln\u00ed lesn\u00ed slu\u017ebou ve spolupr\u00e1ci s&nbsp;univerzitou v&nbsp;Padov\u011b. Nab\u00edz\u00ed \u00fachvatn\u00e9 p\u0159\u00edrodn\u00ed scen\u00e9rie z&nbsp;p\u00edse\u010dn\u00fdch dun, borov\u00fdch a jilmov\u00fdch les\u016f, slan\u00fdch ba\u017ein a mok\u0159ad\u016f. Obsahuje 12 ekosyst\u00e9m\u016f s&nbsp;asi 220 druhy rostlin,...","og_url":"https:\/\/rosolina.holiday\/cz\/lokalita\/turisticke-cile-a-zajimavosti\/","og_site_name":"Rosolina CZ","article_modified_time":"2020-02-17T15:40:29+00:00","twitter_card":"summary_large_image","twitter_misc":{"Odhadovan\u00e1 doba \u010dten\u00ed":"4 minuty"},"schema":{"@context":"https:\/\/schema.org","@graph":[{"@type":"WebPage","@id":"https:\/\/rosolina.holiday\/cz\/lokalita\/turisticke-cile-a-zajimavosti\/","url":"https:\/\/rosolina.holiday\/cz\/lokalita\/turisticke-cile-a-zajimavosti\/","name":"Turistick\u00e9 c\u00edle a zaj\u00edmavosti - Rosolina CZ","isPartOf":{"@id":"https:\/\/rosolina.holiday\/cz\/#website"},"datePublished":"2020-02-17T15:40:28+00:00","dateModified":"2020-02-17T15:40:29+00:00","breadcrumb":{"@id":"https:\/\/rosolina.holiday\/cz\/lokalita\/turisticke-cile-a-zajimavosti\/#breadcrumb"},"inLanguage":"cs","potentialAction":[{"@type":"ReadAction","target":["https:\/\/rosolina.holiday\/cz\/lokalita\/turisticke-cile-a-zajimavosti\/"]}]},{"@type":"BreadcrumbList","@id":"https:\/\/rosolina.holiday\/cz\/lokalita\/turisticke-cile-a-zajimavosti\/#breadcrumb","itemListElement":[{"@type":"ListItem","position":1,"name":"Home","item":"https:\/\/rosolina.holiday\/cz\/"},{"@type":"ListItem","position":2,"name":"Lokalita","item":"https:\/\/rosolina.holiday\/cz\/lokalita\/"},{"@type":"ListItem","position":3,"name":"Turistick\u00e9 c\u00edle a zaj\u00edmavosti"}]},{"@type":"WebSite","@id":"https:\/\/rosolina.holiday\/cz\/#website","url":"https:\/\/rosolina.holiday\/cz\/","name":"Rosolina CZ","description":"Just another rosolina.holiday Sites site","potentialAction":[{"@type":"SearchAction","target":{"@type":"EntryPoint","urlTemplate":"https:\/\/rosolina.holiday\/cz\/?s={search_term_string}"},"query-input":{"@type":"PropertyValueSpecification","valueRequired":true,"valueName":"search_term_string"}}],"inLanguage":"cs"}]}},"_links":{"self":[{"href":"https:\/\/rosolina.holiday\/cz\/wp-json\/wp\/v2\/pages\/71419","targetHints":{"allow":["GET"]}}],"collection":[{"href":"https:\/\/rosolina.holiday\/cz\/wp-json\/wp\/v2\/pages"}],"about":[{"href":"https:\/\/rosolina.holiday\/cz\/wp-json\/wp\/v2\/types\/page"}],"author":[{"embeddable":true,"href":"https:\/\/rosolina.holiday\/cz\/wp-json\/wp\/v2\/users\/1"}],"replies":[{"embeddable":true,"href":"https:\/\/rosolina.holiday\/cz\/wp-json\/wp\/v2\/comments?post=71419"}],"version-history":[{"count":1,"href":"https:\/\/rosolina.holiday\/cz\/wp-json\/wp\/v2\/pages\/71419\/revisions"}],"predecessor-version":[{"id":71420,"href":"https:\/\/rosolina.holiday\/cz\/wp-json\/wp\/v2\/pages\/71419\/revisions\/71420"}],"up":[{"embeddable":true,"href":"https:\/\/rosolina.holiday\/cz\/wp-json\/wp\/v2\/pages\/9"}],"wp:attachment":[{"href":"https:\/\/rosolina.holiday\/cz\/wp-json\/wp\/v2\/media?parent=71419"}],"curies":[{"name":"wp","href":"https:\/\/api.w.org\/{rel}","templated":true}]}}