{"id":23,"date":"2019-11-05T21:51:40","date_gmt":"2019-11-05T21:51:40","guid":{"rendered":"http:\/\/dev.rosolina.holiday\/cz\/?page_id=23"},"modified":"2020-02-17T15:44:12","modified_gmt":"2020-02-17T15:44:12","slug":"obchody-a-trhy","status":"publish","type":"page","link":"https:\/\/rosolina.holiday\/cz\/prakticke-info\/obchody-a-trhy\/","title":{"rendered":"Trhy a supermarkety"},"content":{"rendered":"\n<p>Trhy prob\u00edhaj\u00ed v&nbsp;Rosolina Mare, nebo v&nbsp;nedalek\u00e9m m\u011bst\u011b Rosolina od pond\u011blka do p\u00e1tku. V&nbsp;pond\u011bl\u00ed, ve \u010dtvrtek a v&nbsp;p\u00e1tek prob\u00edhaj\u00ed trhy r\u00e1no\/dopoledne (8.00-13.00), v&nbsp;\u00fater\u00fd, st\u0159edu, sobotu a ned\u011bli ve\u010der (20.00-23.00). Na ve\u010dern\u00edch trz\u00edch hraje \u010dasto k&nbsp;poslechu \u017eiv\u00e1 hudba. Najdete zde jak st\u00e1nky s&nbsp;potravinami a \u010derstv\u00fdmi rybami, tak i s&nbsp;oble\u010den\u00edm, suven\u00fdry, apod. Nejv\u011bt\u0161\u00ed b\u00fdv\u00e1 trh ve \u010dtvrtek (cca 90 st\u00e1nk\u016f). Trhy maj\u00ed v&nbsp;It\u00e1lii dlouho tradici a krom\u011b n\u00e1kup\u016f jsou i m\u00edstem setk\u00e1v\u00e1n\u00ed a sd\u00edlen\u00ed aktu\u00e1ln\u00edho d\u011bn\u00ed.<\/p>\n\n\n\n<p>Pond\u011bl\u00ed: Rosolina Mare, Via Strada Sud v&nbsp;okol\u00ed Piazza San Giorgio (8.00-13.00)<\/p>\n\n\n\n<p>\u00dater\u00fd: Rosolina Mare, Viale dei Pini v&nbsp;centr\u00e1ln\u00ed \u010d\u00e1sti (20.00-23.00)<\/p>\n\n\n\n<p>St\u0159eda: Rosolina Mare, Viale dei Pini v&nbsp;centr\u00e1ln\u00ed \u010d\u00e1sti (20.00-23.00)<\/p>\n\n\n\n<p>\u010ctvrtek: Rosolina Mare, Piazzale Europa \u2013 na konci Viale dei Pini sm\u011brem k mo\u0159i (8.00-13.00)<\/p>\n\n\n\n<p>P\u00e1tek: Rosolina, Viale del Popolo p\u0159ed radnic\u00ed (8.00-13.00)<\/p>\n\n\n\n<p>Sobota: Rosolina Mare, Viale dei Pini v&nbsp;centr\u00e1ln\u00ed \u010d\u00e1sti (20.00-23.00)<\/p>\n\n\n\n<p>Ned\u011ble: Rosolina Mare, Viale dei Pini v\u00a0centr\u00e1ln\u00ed \u010d\u00e1sti (20.00-23.00)<\/p>\n\n\n\n<p>V&nbsp;Rosolina Mare nejdete i n\u011bkolik men\u0161\u00edch supermarket\u016f, nap\u0159.:<\/p>\n\n\n\n<p>Dona&#8216; Fiorella ve Via Strada Sud 137, otev\u0159eno m\u00e1 ka\u017ed\u00fd den 7.00-21.00<\/p>\n\n\n\n<p>Supermercato Cia ve Via dei Tamerici 88, otev\u0159eno m\u00e1 ka\u017ed\u00fd den 7.30-13.00 a 16.00-21.00<\/p>\n\n\n\n<p>Supermercato ve Via Trieste 5, otev\u0159eno m\u00e1 ka\u017ed\u00fd den 8.00-12.30 a 16.30-19.30<\/p>\n\n\n\n<p>Supermercato Vivo di Furlan Antonella ve Via dell&#8216; Edera 8, otev\u0159eno ka\u017ed\u00fd den 7.00-22.00<br><\/p>\n","protected":false},"excerpt":{"rendered":"<p>Trhy prob\u00edhaj\u00ed v&nbsp;Rosolina Mare, nebo v&nbsp;nedalek\u00e9m m\u011bst\u011b Rosolina od pond\u011blka do p\u00e1tku. V&nbsp;pond\u011bl\u00ed, ve \u010dtvrtek a v&nbsp;p\u00e1tek prob\u00edhaj\u00ed trhy r\u00e1no\/dopoledne (8.00-13.00), v&nbsp;\u00fater\u00fd, st\u0159edu, sobotu a ned\u011bli ve\u010der (20.00-23.00). Na ve\u010dern\u00edch trz\u00edch hraje \u010dasto k&nbsp;poslechu \u017eiv\u00e1 hudba. Najdete zde jak st\u00e1nky s&nbsp;potravinami a \u010derstv\u00fdmi rybami, tak i s&nbsp;oble\u010den\u00edm, suven\u00fdry, apod. Nejv\u011bt\u0161\u00ed b\u00fdv\u00e1 trh ve \u010dtvrtek (cca&#8230;<\/p>\n","protected":false},"author":1,"featured_media":0,"parent":19,"menu_order":0,"comment_status":"closed","ping_status":"closed","template":"","meta":{"footnotes":""},"class_list":["post-23","page","type-page","status-publish","hentry"],"yoast_head":"<!-- This site is optimized with the Yoast SEO plugin v25.2 - https:\/\/yoast.com\/wordpress\/plugins\/seo\/ -->\n<title>Trhy a supermarkety - Rosolina CZ<\/title>\n<meta name=\"robots\" content=\"index, follow, max-snippet:-1, max-image-preview:large, max-video-preview:-1\" \/>\n<link rel=\"canonical\" href=\"https:\/\/rosolina.holiday\/cz\/prakticke-info\/obchody-a-trhy\/\" \/>\n<meta property=\"og:locale\" content=\"cs_CZ\" \/>\n<meta property=\"og:type\" content=\"article\" \/>\n<meta property=\"og:title\" content=\"Trhy a supermarkety - Rosolina CZ\" \/>\n<meta property=\"og:description\" content=\"Trhy prob\u00edhaj\u00ed v&nbsp;Rosolina Mare, nebo v&nbsp;nedalek\u00e9m m\u011bst\u011b Rosolina od pond\u011blka do p\u00e1tku. V&nbsp;pond\u011bl\u00ed, ve \u010dtvrtek a v&nbsp;p\u00e1tek prob\u00edhaj\u00ed trhy r\u00e1no\/dopoledne (8.00-13.00), v&nbsp;\u00fater\u00fd, st\u0159edu, sobotu a ned\u011bli ve\u010der (20.00-23.00). Na ve\u010dern\u00edch trz\u00edch hraje \u010dasto k&nbsp;poslechu \u017eiv\u00e1 hudba. Najdete zde jak st\u00e1nky s&nbsp;potravinami a \u010derstv\u00fdmi rybami, tak i s&nbsp;oble\u010den\u00edm, suven\u00fdry, apod. Nejv\u011bt\u0161\u00ed b\u00fdv\u00e1 trh ve \u010dtvrtek (cca...\" \/>\n<meta property=\"og:url\" content=\"https:\/\/rosolina.holiday\/cz\/prakticke-info\/obchody-a-trhy\/\" \/>\n<meta property=\"og:site_name\" content=\"Rosolina CZ\" \/>\n<meta property=\"article:modified_time\" content=\"2020-02-17T15:44:12+00:00\" \/>\n<meta name=\"twitter:card\" content=\"summary_large_image\" \/>\n<meta name=\"twitter:label1\" content=\"Odhadovan\u00e1 doba \u010dten\u00ed\" \/>\n\t<meta name=\"twitter:data1\" content=\"1 minuta\" \/>\n<script type=\"application\/ld+json\" class=\"yoast-schema-graph\">{\"@context\":\"https:\/\/schema.org\",\"@graph\":[{\"@type\":\"WebPage\",\"@id\":\"https:\/\/rosolina.holiday\/cz\/prakticke-info\/obchody-a-trhy\/\",\"url\":\"https:\/\/rosolina.holiday\/cz\/prakticke-info\/obchody-a-trhy\/\",\"name\":\"Trhy a supermarkety - Rosolina CZ\",\"isPartOf\":{\"@id\":\"https:\/\/rosolina.holiday\/cz\/#website\"},\"datePublished\":\"2019-11-05T21:51:40+00:00\",\"dateModified\":\"2020-02-17T15:44:12+00:00\",\"breadcrumb\":{\"@id\":\"https:\/\/rosolina.holiday\/cz\/prakticke-info\/obchody-a-trhy\/#breadcrumb\"},\"inLanguage\":\"cs\",\"potentialAction\":[{\"@type\":\"ReadAction\",\"target\":[\"https:\/\/rosolina.holiday\/cz\/prakticke-info\/obchody-a-trhy\/\"]}]},{\"@type\":\"BreadcrumbList\",\"@id\":\"https:\/\/rosolina.holiday\/cz\/prakticke-info\/obchody-a-trhy\/#breadcrumb\",\"itemListElement\":[{\"@type\":\"ListItem\",\"position\":1,\"name\":\"Home\",\"item\":\"https:\/\/rosolina.holiday\/cz\/\"},{\"@type\":\"ListItem\",\"position\":2,\"name\":\"Praktick\u00e9 info\",\"item\":\"https:\/\/rosolina.holiday\/cz\/prakticke-info\/\"},{\"@type\":\"ListItem\",\"position\":3,\"name\":\"Trhy a supermarkety\"}]},{\"@type\":\"WebSite\",\"@id\":\"https:\/\/rosolina.holiday\/cz\/#website\",\"url\":\"https:\/\/rosolina.holiday\/cz\/\",\"name\":\"Rosolina CZ\",\"description\":\"Just another rosolina.holiday Sites site\",\"potentialAction\":[{\"@type\":\"SearchAction\",\"target\":{\"@type\":\"EntryPoint\",\"urlTemplate\":\"https:\/\/rosolina.holiday\/cz\/?s={search_term_string}\"},\"query-input\":{\"@type\":\"PropertyValueSpecification\",\"valueRequired\":true,\"valueName\":\"search_term_string\"}}],\"inLanguage\":\"cs\"}]}<\/script>\n<!-- \/ Yoast SEO plugin. -->","yoast_head_json":{"title":"Trhy a supermarkety - Rosolina CZ","robots":{"index":"index","follow":"follow","max-snippet":"max-snippet:-1","max-image-preview":"max-image-preview:large","max-video-preview":"max-video-preview:-1"},"canonical":"https:\/\/rosolina.holiday\/cz\/prakticke-info\/obchody-a-trhy\/","og_locale":"cs_CZ","og_type":"article","og_title":"Trhy a supermarkety - Rosolina CZ","og_description":"Trhy prob\u00edhaj\u00ed v&nbsp;Rosolina Mare, nebo v&nbsp;nedalek\u00e9m m\u011bst\u011b Rosolina od pond\u011blka do p\u00e1tku. V&nbsp;pond\u011bl\u00ed, ve \u010dtvrtek a v&nbsp;p\u00e1tek prob\u00edhaj\u00ed trhy r\u00e1no\/dopoledne (8.00-13.00), v&nbsp;\u00fater\u00fd, st\u0159edu, sobotu a ned\u011bli ve\u010der (20.00-23.00). Na ve\u010dern\u00edch trz\u00edch hraje \u010dasto k&nbsp;poslechu \u017eiv\u00e1 hudba. Najdete zde jak st\u00e1nky s&nbsp;potravinami a \u010derstv\u00fdmi rybami, tak i s&nbsp;oble\u010den\u00edm, suven\u00fdry, apod. Nejv\u011bt\u0161\u00ed b\u00fdv\u00e1 trh ve \u010dtvrtek (cca...","og_url":"https:\/\/rosolina.holiday\/cz\/prakticke-info\/obchody-a-trhy\/","og_site_name":"Rosolina CZ","article_modified_time":"2020-02-17T15:44:12+00:00","twitter_card":"summary_large_image","twitter_misc":{"Odhadovan\u00e1 doba \u010dten\u00ed":"1 minuta"},"schema":{"@context":"https:\/\/schema.org","@graph":[{"@type":"WebPage","@id":"https:\/\/rosolina.holiday\/cz\/prakticke-info\/obchody-a-trhy\/","url":"https:\/\/rosolina.holiday\/cz\/prakticke-info\/obchody-a-trhy\/","name":"Trhy a supermarkety - Rosolina CZ","isPartOf":{"@id":"https:\/\/rosolina.holiday\/cz\/#website"},"datePublished":"2019-11-05T21:51:40+00:00","dateModified":"2020-02-17T15:44:12+00:00","breadcrumb":{"@id":"https:\/\/rosolina.holiday\/cz\/prakticke-info\/obchody-a-trhy\/#breadcrumb"},"inLanguage":"cs","potentialAction":[{"@type":"ReadAction","target":["https:\/\/rosolina.holiday\/cz\/prakticke-info\/obchody-a-trhy\/"]}]},{"@type":"BreadcrumbList","@id":"https:\/\/rosolina.holiday\/cz\/prakticke-info\/obchody-a-trhy\/#breadcrumb","itemListElement":[{"@type":"ListItem","position":1,"name":"Home","item":"https:\/\/rosolina.holiday\/cz\/"},{"@type":"ListItem","position":2,"name":"Praktick\u00e9 info","item":"https:\/\/rosolina.holiday\/cz\/prakticke-info\/"},{"@type":"ListItem","position":3,"name":"Trhy a supermarkety"}]},{"@type":"WebSite","@id":"https:\/\/rosolina.holiday\/cz\/#website","url":"https:\/\/rosolina.holiday\/cz\/","name":"Rosolina CZ","description":"Just another rosolina.holiday Sites site","potentialAction":[{"@type":"SearchAction","target":{"@type":"EntryPoint","urlTemplate":"https:\/\/rosolina.holiday\/cz\/?s={search_term_string}"},"query-input":{"@type":"PropertyValueSpecification","valueRequired":true,"valueName":"search_term_string"}}],"inLanguage":"cs"}]}},"_links":{"self":[{"href":"https:\/\/rosolina.holiday\/cz\/wp-json\/wp\/v2\/pages\/23","targetHints":{"allow":["GET"]}}],"collection":[{"href":"https:\/\/rosolina.holiday\/cz\/wp-json\/wp\/v2\/pages"}],"about":[{"href":"https:\/\/rosolina.holiday\/cz\/wp-json\/wp\/v2\/types\/page"}],"author":[{"embeddable":true,"href":"https:\/\/rosolina.holiday\/cz\/wp-json\/wp\/v2\/users\/1"}],"replies":[{"embeddable":true,"href":"https:\/\/rosolina.holiday\/cz\/wp-json\/wp\/v2\/comments?post=23"}],"version-history":[{"count":2,"href":"https:\/\/rosolina.holiday\/cz\/wp-json\/wp\/v2\/pages\/23\/revisions"}],"predecessor-version":[{"id":71426,"href":"https:\/\/rosolina.holiday\/cz\/wp-json\/wp\/v2\/pages\/23\/revisions\/71426"}],"up":[{"embeddable":true,"href":"https:\/\/rosolina.holiday\/cz\/wp-json\/wp\/v2\/pages\/19"}],"wp:attachment":[{"href":"https:\/\/rosolina.holiday\/cz\/wp-json\/wp\/v2\/media?parent=23"}],"curies":[{"name":"wp","href":"https:\/\/api.w.org\/{rel}","templated":true}]}}